{"id":298,"date":"2017-11-08T09:40:11","date_gmt":"2017-11-08T08:40:11","guid":{"rendered":"https:\/\/testnutrivitalite.wordpress.com\/?page_id=5"},"modified":"2022-02-06T21:00:40","modified_gmt":"2022-02-06T20:00:40","slug":"accueil","status":"publish","type":"page","link":"https:\/\/nutrivitalite.be\/","title":{"rendered":"Accueil"},"content":{"rendered":"\n<p><\/p>\n\n\n\n<p>L\u2019alimentation est un pilier fondamental de la bonne sant\u00e9. Notre organisme est en perp\u00e9tuel renouvellement et restructuration.<\/p>\n\n\n\n<p>Nos aliments ne fournissent pas seulement le carburant \u00e0 nos cellules pour produire notre \u00e9nergie mais ils participent aussi activement \u00e0 notre construction, notre r\u00e9g\u00e9n\u00e9ration et \u00e0 la r\u00e9paration de notre corps ainsi qu\u2019\u00e0 notre immunit\u00e9.<\/p>\n\n\n\n<p>Notre organisme d\u00e9pend donc largement de la qualit\u00e9 et de la diversit\u00e9 de nos aliments.<\/p>\n\n\n\n<p>Il est donc utile de conna\u00eetre les aliments riches en substances protectrices et r\u00e9g\u00e9n\u00e9ratrices et d\u2019\u00e9viter ceux qui encrassent l\u2019organisme, le fragilisent et favorisent le cort\u00e8ge de maladies li\u00e9es \u00e0 la malbouffe comme l\u2019ob\u00e9sit\u00e9, les inflammations diverses, le diab\u00e8te de type II, les maladies cardiovasculaires, l\u2019ost\u00e9oporose, les maladies d\u00e9g\u00e9n\u00e9ratives comme l\u2019Alzheimer.<\/p>\n\n\n\n<p>Je vous convie \u00e0 cet apprentissage d\u2019une alimentation saine, vari\u00e9e et savoureuse :<\/p>\n\n\n\n<ul><li>via des <a href=\"https:\/\/nutrivitalite.be?page_id=24\" data-type=\"URL\">consult<\/a><a href=\"https:\/\/nutrivitalite.be?page_id=24\" data-type=\"URL\" data-id=\"https:\/\/nutrivitalite.be?page_id=24\">ations<\/a> individualis\u00e9es<\/li><li>via des <a href=\"https:\/\/nutrivitalite.be?page_id=299\" data-type=\"URL\" data-id=\"https:\/\/nutrivitalite.be?page_id=299\">ateliers <\/a>comprenant une information th\u00e9orique, une mise en pratique culinaire suivie d\u2019une d\u00e9gustation de pr\u00e9parations r\u00e9alis\u00e9es ensemble\u00a0<\/li><\/ul>\n\n\n\n<p>Bienvenue sur ce site&nbsp;!<\/p>\n\n\n\n<p>Anne Rousseau<\/p>\n\n\n\n<p>Infirmi\u00e8re gradu\u00e9e hospitali\u00e8re<\/p>\n\n\n\n<p>Conseill\u00e8re en hygi\u00e8ne vitale et nutrition<\/p>\n\n\n\n<p>Nutrith\u00e9rapeute<\/p>\n","protected":false},"excerpt":{"rendered":"<p>L\u2019alimentation est un pilier fondamental de la bonne sant\u00e9. Notre organisme est en perp\u00e9tuel renouvellement et restructuration. Nos aliments ne fournissent pas seulement le carburant \u00e0 nos cellules pour produire notre \u00e9nergie mais ils participent aussi activement \u00e0 notre construction, notre r\u00e9g\u00e9n\u00e9ration et \u00e0 la r\u00e9paration de notre corps ainsi qu\u2019\u00e0 notre immunit\u00e9. Notre organisme&#8230; <\/p>\n<div class=\"link-more\"><a href=\"https:\/\/nutrivitalite.be\/\">En savoir plus<\/a><\/div>\n","protected":false},"author":1,"featured_media":249,"parent":0,"menu_order":0,"comment_status":"closed","ping_status":"closed","template":"templates\/full-width-page.php","meta":{"spay_email":""},"_links":{"self":[{"href":"https:\/\/nutrivitalite.be\/index.php?rest_route=\/wp\/v2\/pages\/298"}],"collection":[{"href":"https:\/\/nutrivitalite.be\/index.php?rest_route=\/wp\/v2\/pages"}],"about":[{"href":"https:\/\/nutrivitalite.be\/index.php?rest_route=\/wp\/v2\/types\/page"}],"author":[{"embeddable":true,"href":"https:\/\/nutrivitalite.be\/index.php?rest_route=\/wp\/v2\/users\/1"}],"replies":[{"embeddable":true,"href":"https:\/\/nutrivitalite.be\/index.php?rest_route=%2Fwp%2Fv2%2Fcomments&post=298"}],"version-history":[{"count":5,"href":"https:\/\/nutrivitalite.be\/index.php?rest_route=\/wp\/v2\/pages\/298\/revisions"}],"predecessor-version":[{"id":323,"href":"https:\/\/nutrivitalite.be\/index.php?rest_route=\/wp\/v2\/pages\/298\/revisions\/323"}],"wp:featuredmedia":[{"embeddable":true,"href":"https:\/\/nutrivitalite.be\/index.php?rest_route=\/wp\/v2\/media\/249"}],"wp:attachment":[{"href":"https:\/\/nutrivitalite.be\/index.php?rest_route=%2Fwp%2Fv2%2Fmedia&parent=298"}],"curies":[{"name":"wp","href":"https:\/\/api.w.org\/{rel}","templated":true}]}}