{"id":24,"date":"2017-11-08T09:58:39","date_gmt":"2017-11-08T08:58:39","guid":{"rendered":"https:\/\/testnutrivitalite.wordpress.com\/?page_id=24"},"modified":"2025-02-19T10:18:44","modified_gmt":"2025-02-19T09:18:44","slug":"consultations","status":"publish","type":"page","link":"https:\/\/nutrivitalite.be\/?page_id=24","title":{"rendered":"Consultations"},"content":{"rendered":"\n<p>Les facteurs qui permettent de rester en bonne sant\u00e9 concernent tous les aspects de notre vie quotidienne&nbsp;: l\u2019alimentation, l\u2019activit\u00e9 physique, l\u2019assainissement de l\u2019environnement, la gestion du stress, le sommeil, l\u2019\u00e9quilibre \u00e9motionnel, les relations humaines et affectives, l\u2019\u00e9panouissement personnel, le tout pour une recherche et une harmonisation du corps, de l\u2019esprit et de l\u2019\u00e2me.<\/p>\n\n\n\n<p><strong>Mes prestations&nbsp;:<\/strong><\/p>\n\n\n\n<p>J\u2019accompagne toute personne souhaitant prendre en charge sa sant\u00e9 pour un bien-\u00eatre, en pr\u00e9vention des maladies et\/ou en soutien de traitements.<\/p>\n\n\n\n<p>Je lui donne des conseils nutritionnels et hygi\u00e9nistes.<\/p>\n\n\n\n<p>Je peux d\u00e9terminer son profil bio-nutritionnel et rep\u00e9rer les causes de dysfonctionnement.<\/p>\n\n\n\n<p>J\u2019aide \u00e0 stimuler la capacit\u00e9 d\u2019autogu\u00e9rison de l\u2019organisme en respectant son rythme naturel par une alimentation adapt\u00e9e et une compl\u00e9mentation \u00e9ventuelle.<\/p>\n\n\n\n<p><strong>Lieu de consultation&nbsp;:<\/strong><\/p>\n\n\n\n<p>1348 Louvain-la-Neuve \u2013 cours du Bia Bouquet, 28<\/p>\n\n\n\n<p><strong>Tarifs&nbsp;:<\/strong><\/p>\n\n\n\n<p>Premi\u00e8re consultation (dur\u00e9e de 2 heures)\u00a0: 65 \u20ac<\/p>\n\n\n\n<p>Consultations suivantes (dur\u00e9e d\u2019une heure)\u00a0: 45 \u20ac<\/p>\n","protected":false},"excerpt":{"rendered":"<p>Les facteurs qui permettent de rester en bonne sant\u00e9 concernent tous les aspects de notre vie quotidienne&nbsp;: l\u2019alimentation, l\u2019activit\u00e9 physique, l\u2019assainissement de l\u2019environnement, la gestion du stress, le sommeil, l\u2019\u00e9quilibre \u00e9motionnel, les relations humaines et affectives, l\u2019\u00e9panouissement personnel, le tout pour une recherche et une harmonisation du corps, de l\u2019esprit et de l\u2019\u00e2me. Mes prestations&nbsp;:&#8230; <\/p>\n<div class=\"link-more\"><a href=\"https:\/\/nutrivitalite.be\/?page_id=24\">En savoir plus<\/a><\/div>\n","protected":false},"author":1,"featured_media":0,"parent":0,"menu_order":1,"comment_status":"closed","ping_status":"closed","template":"","meta":{"spay_email":""},"_links":{"self":[{"href":"https:\/\/nutrivitalite.be\/index.php?rest_route=\/wp\/v2\/pages\/24"}],"collection":[{"href":"https:\/\/nutrivitalite.be\/index.php?rest_route=\/wp\/v2\/pages"}],"about":[{"href":"https:\/\/nutrivitalite.be\/index.php?rest_route=\/wp\/v2\/types\/page"}],"author":[{"embeddable":true,"href":"https:\/\/nutrivitalite.be\/index.php?rest_route=\/wp\/v2\/users\/1"}],"replies":[{"embeddable":true,"href":"https:\/\/nutrivitalite.be\/index.php?rest_route=%2Fwp%2Fv2%2Fcomments&post=24"}],"version-history":[{"count":1,"href":"https:\/\/nutrivitalite.be\/index.php?rest_route=\/wp\/v2\/pages\/24\/revisions"}],"predecessor-version":[{"id":379,"href":"https:\/\/nutrivitalite.be\/index.php?rest_route=\/wp\/v2\/pages\/24\/revisions\/379"}],"wp:attachment":[{"href":"https:\/\/nutrivitalite.be\/index.php?rest_route=%2Fwp%2Fv2%2Fmedia&parent=24"}],"curies":[{"name":"wp","href":"https:\/\/api.w.org\/{rel}","templated":true}]}}